{"id":78,"date":"2024-02-23T16:08:05","date_gmt":"2024-02-23T15:08:05","guid":{"rendered":"https:\/\/museeaeronaval.com\/?page_id=78"},"modified":"2024-05-02T15:58:58","modified_gmt":"2024-05-02T13:58:58","slug":"mentions-legales","status":"publish","type":"page","link":"https:\/\/museeaeronaval.com\/?page_id=78","title":{"rendered":"Mentions L\u00e9gales"},"content":{"rendered":"\t\t<div data-elementor-type=\"wp-page\" data-elementor-id=\"78\" class=\"elementor elementor-78\" data-elementor-post-type=\"page\">\n\t\t\t\t<div class=\"elementor-element elementor-element-57924d0 e-flex e-con-boxed e-con e-parent\" data-id=\"57924d0\" data-element_type=\"container\" data-e-type=\"container\">\n\t\t\t\t\t<div class=\"e-con-inner\">\n\t\t\t\t<div class=\"elementor-element elementor-element-c46b136 elementor-widget elementor-widget-heading\" data-id=\"c46b136\" data-element_type=\"widget\" data-e-type=\"widget\" data-widget_type=\"heading.default\">\n\t\t\t\t<div class=\"elementor-widget-container\">\n\t\t\t\t\t<h5 class=\"elementor-heading-title elementor-size-default\">Editeur du site<\/h5>\t\t\t\t<\/div>\n\t\t\t\t<\/div>\n\t\t\t\t\t<\/div>\n\t\t\t\t<\/div>\n\t\t<div class=\"elementor-element elementor-element-1c89c72 e-flex e-con-boxed e-con e-parent\" data-id=\"1c89c72\" data-element_type=\"container\" data-e-type=\"container\">\n\t\t\t\t\t<div class=\"e-con-inner\">\n\t\t<div class=\"elementor-element elementor-element-ac9ad9f e-flex e-con-boxed e-con e-child\" data-id=\"ac9ad9f\" data-element_type=\"container\" data-e-type=\"container\">\n\t\t\t\t\t<div class=\"e-con-inner\">\n\t\t\t\t\t<\/div>\n\t\t\t\t<\/div>\n\t\t\t\t<div class=\"elementor-element elementor-element-431db64 elementor-widget elementor-widget-text-editor\" data-id=\"431db64\" data-element_type=\"widget\" data-e-type=\"widget\" data-widget_type=\"text-editor.default\">\n\t\t\t\t<div class=\"elementor-widget-container\">\n\t\t\t\t\t\t\t\t\t<p><span class=\"TitreAdr\" style=\"font-family: arial, helvetica, sans-serif;\">Ce site est \u00e9dit\u00e9 par l&#8217;Association Nationale du Mus\u00e9e de l&#8217;A\u00e9ronautique Navale (A.NA.M.A.N)<br \/>dont le si\u00e8ge est \u00e9tabli :<\/span><\/p><p><span style=\"font-family: arial, helvetica, sans-serif;\">\u00a0\u00a0\u00a0\u00a0\u00a0\u00a0\u00a0\u00a0\u00a0\u00a0\u00a0\u00a0\u00a0\u00a0\u00a0\u00a0\u00a0\u00a0\u00a0\u00a0\u00a0\u00a0\u00a0\u00a0\u00a0\u00a0\u00a0\u00a0\u00a0\u00a0\u00a0\u00a0\u00a0\u00a0\u00a0\u00a0\u00a0\u00a0 Rond-point Albert Bignon<\/span><\/p><p><span style=\"font-family: arial, helvetica, sans-serif;\">\u00a0\u00a0\u00a0\u00a0\u00a0\u00a0\u00a0\u00a0\u00a0\u00a0\u00a0\u00a0\u00a0\u00a0\u00a0\u00a0\u00a0\u00a0\u00a0\u00a0\u00a0\u00a0\u00a0\u00a0\u00a0\u00a0\u00a0\u00a0\u00a0\u00a0\u00a0\u00a0\u00a0\u00a0\u00a0\u00a0\u00a0\u00a0 17300 \u00a0ROCHEFORT\u00a0<\/span><\/p><div align=\"justify\"><p><span style=\"font-family: arial, helvetica, sans-serif;\">Enregistr\u00e9e \u00e0 la pr\u00e9fecture de la Charente Maritime le 14 septembre 1990 sous les r\u00e9f\u00e9rences:<\/span><br \/><span style=\"font-family: arial, helvetica, sans-serif;\">N\u00b0 : 2 : 030 30<\/span><\/p><p><span style=\"font-family: arial, helvetica, sans-serif;\">Journal Officiel N\u00b0 40 du 03\/10\/1990, modifi\u00e9 le 31\/01\/2004, modifi\u00e9 le 05\/03\/2012, N\u00b0 w172003456.<\/span><br \/><span style=\"font-family: arial, helvetica, sans-serif;\">SIRET N\u00b0 518 536 321 00012\u00a0\u00a0\u00a0\u00a0\u00a0\u00a0\u00a0 Code APE : 9499Z<\/span><\/p><p><span style=\"font-family: arial, helvetica, sans-serif;\">Le directeur de publication est Monsieur <strong>Michel LAFRETTE<\/strong>, Pr\u00e9sident de l&#8217;association.<\/span><\/p><\/div><div align=\"justify\">\u00a0<\/div><div align=\"justify\"><span style=\"font-family: arial, helvetica, sans-serif;\">Conform\u00e9ment aux dispositions du code de la propri\u00e9t\u00e9 intellectuelle, toute reproduction de texte et\/ou photos figurant ce site ne peuvent se faire sans accord pr\u00e9alable : <\/span><\/div>\t\t\t\t\t\t\t\t<\/div>\n\t\t\t\t<\/div>\n\t\t\t\t<div class=\"elementor-element elementor-element-703a774 elementor-align-center elementor-icon-list--layout-traditional elementor-list-item-link-full_width elementor-widget elementor-widget-icon-list\" data-id=\"703a774\" data-element_type=\"widget\" data-e-type=\"widget\" data-widget_type=\"icon-list.default\">\n\t\t\t\t<div class=\"elementor-widget-container\">\n\t\t\t\t\t\t\t<ul class=\"elementor-icon-list-items\">\n\t\t\t\t\t\t\t<li class=\"elementor-icon-list-item\">\n\t\t\t\t\t\t\t\t\t\t\t<a href=\"https:\/\/museeaeronaval.com\/?page_id=1398\" target=\"_blank\">\n\n\t\t\t\t\t\t\t\t\t\t\t\t<span class=\"elementor-icon-list-icon\">\n\t\t\t\t\t\t\t<svg aria-hidden=\"true\" class=\"e-font-icon-svg e-fas-mail-bulk\" viewBox=\"0 0 576 512\" xmlns=\"http:\/\/www.w3.org\/2000\/svg\"><path d=\"M160 448c-25.6 0-51.2-22.4-64-32-64-44.8-83.2-60.8-96-70.4V480c0 17.67 14.33 32 32 32h256c17.67 0 32-14.33 32-32V345.6c-12.8 9.6-32 25.6-96 70.4-12.8 9.6-38.4 32-64 32zm128-192H32c-17.67 0-32 14.33-32 32v16c25.6 19.2 22.4 19.2 115.2 86.4 9.6 6.4 28.8 25.6 44.8 25.6s35.2-19.2 44.8-22.4c92.8-67.2 89.6-67.2 115.2-86.4V288c0-17.67-14.33-32-32-32zm256-96H224c-17.67 0-32 14.33-32 32v32h96c33.21 0 60.59 25.42 63.71 57.82l.29-.22V416h192c17.67 0 32-14.33 32-32V192c0-17.67-14.33-32-32-32zm-32 128h-64v-64h64v64zm-352-96c0-35.29 28.71-64 64-64h224V32c0-17.67-14.33-32-32-32H96C78.33 0 64 14.33 64 32v192h96v-32z\"><\/path><\/svg>\t\t\t\t\t\t<\/span>\n\t\t\t\t\t\t\t\t\t\t<span class=\"elementor-icon-list-text\">webmestre@museeaeronaval.com<\/span>\n\t\t\t\t\t\t\t\t\t\t\t<\/a>\n\t\t\t\t\t\t\t\t\t<\/li>\n\t\t\t\t\t\t<\/ul>\n\t\t\t\t\t\t<\/div>\n\t\t\t\t<\/div>\n\t\t\t\t<div class=\"elementor-element elementor-element-faac6cc elementor-widget elementor-widget-text-editor\" data-id=\"faac6cc\" data-element_type=\"widget\" data-e-type=\"widget\" data-widget_type=\"text-editor.default\">\n\t\t\t\t<div class=\"elementor-widget-container\">\n\t\t\t\t\t\t\t\t\t<p style=\"text-align: center;\"><span style=\"color: #1e90ff;\">__________________________________________<\/span><\/p>\t\t\t\t\t\t\t\t<\/div>\n\t\t\t\t<\/div>\n\t\t\t\t\t<\/div>\n\t\t\t\t<\/div>\n\t\t<div class=\"elementor-element elementor-element-11d6b63 e-flex e-con-boxed e-con e-parent\" data-id=\"11d6b63\" data-element_type=\"container\" data-e-type=\"container\">\n\t\t\t\t\t<div class=\"e-con-inner\">\n\t\t\t\t<div class=\"elementor-element elementor-element-b9ee5cc elementor-widget elementor-widget-heading\" data-id=\"b9ee5cc\" data-element_type=\"widget\" data-e-type=\"widget\" data-widget_type=\"heading.default\">\n\t\t\t\t<div class=\"elementor-widget-container\">\n\t\t\t\t\t<h5 class=\"elementor-heading-title elementor-size-default\">H\u00e9bergement<\/h5>\t\t\t\t<\/div>\n\t\t\t\t<\/div>\n\t\t\t\t<div class=\"elementor-element elementor-element-8c7e84a elementor-widget elementor-widget-text-editor\" data-id=\"8c7e84a\" data-element_type=\"widget\" data-e-type=\"widget\" data-widget_type=\"text-editor.default\">\n\t\t\t\t<div class=\"elementor-widget-container\">\n\t\t\t\t\t\t\t\t\t<p><span class=\"ILfuVd\" lang=\"fr\"><span class=\"hgKElc\">L&#8217;h\u00e9bergement de ce site est assur\u00e9 par la soci\u00e9t\u00e9 HOSTINGER INTERNATIONAL LTD, dont le si\u00e8ge social se situe <b>61 Lordou Vironos Street, 6023 Larnaca, Chypre<\/b>, joignable par le moyen suivant : https:\/\/www.hostinger.fr\/contact.<\/span><\/span><\/p>\t\t\t\t\t\t\t\t<\/div>\n\t\t\t\t<\/div>\n\t\t\t\t\t<\/div>\n\t\t\t\t<\/div>\n\t\t\t\t<\/div>\n\t\t","protected":false},"excerpt":{"rendered":"<p>Editeur du site Ce site est \u00e9dit\u00e9 par l&#8217;Association Nationale du Mus\u00e9e de l&#8217;A\u00e9ronautique Navale (A.NA.M.A.N)dont le si\u00e8ge est \u00e9tabli : \u00a0\u00a0\u00a0\u00a0\u00a0\u00a0\u00a0\u00a0\u00a0\u00a0\u00a0\u00a0\u00a0\u00a0\u00a0\u00a0\u00a0\u00a0\u00a0\u00a0\u00a0\u00a0\u00a0\u00a0\u00a0\u00a0\u00a0\u00a0\u00a0\u00a0\u00a0\u00a0\u00a0\u00a0\u00a0\u00a0\u00a0\u00a0 Rond-point Albert Bignon \u00a0\u00a0\u00a0\u00a0\u00a0\u00a0\u00a0\u00a0\u00a0\u00a0\u00a0\u00a0\u00a0\u00a0\u00a0\u00a0\u00a0\u00a0\u00a0\u00a0\u00a0\u00a0\u00a0\u00a0\u00a0\u00a0\u00a0\u00a0\u00a0\u00a0\u00a0\u00a0\u00a0\u00a0\u00a0\u00a0\u00a0\u00a0 17300 \u00a0ROCHEFORT\u00a0 Enregistr\u00e9e \u00e0 la pr\u00e9fecture de la Charente Maritime le 14 septembre 1990 sous les r\u00e9f\u00e9rences:N\u00b0 : 2 : 030 30 Journal Officiel N\u00b0 40 du 03\/10\/1990, modifi\u00e9 [&hellip;]<\/p>\n","protected":false},"author":1,"featured_media":0,"parent":0,"menu_order":0,"comment_status":"closed","ping_status":"closed","template":"","meta":{"om_disable_all_campaigns":false,"footnotes":""},"class_list":["post-78","page","type-page","status-publish","hentry"],"aioseo_notices":[],"_links":{"self":[{"href":"https:\/\/museeaeronaval.com\/index.php?rest_route=\/wp\/v2\/pages\/78","targetHints":{"allow":["GET"]}}],"collection":[{"href":"https:\/\/museeaeronaval.com\/index.php?rest_route=\/wp\/v2\/pages"}],"about":[{"href":"https:\/\/museeaeronaval.com\/index.php?rest_route=\/wp\/v2\/types\/page"}],"author":[{"embeddable":true,"href":"https:\/\/museeaeronaval.com\/index.php?rest_route=\/wp\/v2\/users\/1"}],"replies":[{"embeddable":true,"href":"https:\/\/museeaeronaval.com\/index.php?rest_route=%2Fwp%2Fv2%2Fcomments&post=78"}],"version-history":[{"count":28,"href":"https:\/\/museeaeronaval.com\/index.php?rest_route=\/wp\/v2\/pages\/78\/revisions"}],"predecessor-version":[{"id":1405,"href":"https:\/\/museeaeronaval.com\/index.php?rest_route=\/wp\/v2\/pages\/78\/revisions\/1405"}],"wp:attachment":[{"href":"https:\/\/museeaeronaval.com\/index.php?rest_route=%2Fwp%2Fv2%2Fmedia&parent=78"}],"curies":[{"name":"wp","href":"https:\/\/api.w.org\/{rel}","templated":true}]}}